{"id":14072,"date":"2026-01-28T15:09:40","date_gmt":"2026-01-28T15:09:40","guid":{"rendered":"https:\/\/uniquenames.shop\/?post_type=product&#038;p=14072"},"modified":"2026-01-28T15:36:02","modified_gmt":"2026-01-28T15:36:02","slug":"tragbarer-elektroroller-fur-erwachsene-630w-motor-bis-zu-16-mph-18-meilen-reichweite-85%e2%80%b3-vollgummireifen-klappbar-lcd-display-app-steuerung-dual-scheibenbremsen","status":"publish","type":"product","link":"https:\/\/uniquenames.shop\/de\/produkt\/tragbarer-elektroroller-fur-erwachsene-630w-motor-bis-zu-16-mph-18-meilen-reichweite-85%e2%80%b3-vollgummireifen-klappbar-lcd-display-app-steuerung-dual-scheibenbremsen\/","title":{"rendered":"Tragbarer Elektroroller f\u00fcr Erwachsene - 630W Motor, bis zu 16 MPH, 18 Meilen Reichweite, 8,5\u2033 Vollgummireifen, klappbar, LCD-Display, App-Steuerung, Dual-Scheibenbremsen"},"content":{"rendered":"<div data-elementor-type=\"product-post\" data-elementor-id=\"14072\" class=\"elementor elementor-14072\" data-elementor-post-type=\"product\">\n\t\t\t\t<div class=\"elementor-element elementor-element-261ef72 e-flex e-con-boxed e-con e-parent\" data-id=\"261ef72\" data-element_type=\"container\" data-settings=\"{&quot;ekit_has_onepagescroll_dot&quot;:&quot;yes&quot;}\">\n\t\t\t\t\t<div class=\"e-con-inner\">\n\t\t\t\t<div class=\"elementor-element elementor-element-66542c6 elementor-widget elementor-widget-text-editor\" data-id=\"66542c6\" data-element_type=\"widget\" data-settings=\"{&quot;ekit_we_effect_on&quot;:&quot;none&quot;}\" data-widget_type=\"text-editor.default\">\n\t\t\t\t<div class=\"elementor-widget-container\">\n\t\t\t\t\t\t\t\t\t\n\n\n    \n    <title>Produktinformationen\n    \n        table {\n            width: 100%;\n            border-collapse: collapse;\n        }\n        tr {\n            border-bottom: 1px solid #ddd;\n        }\n        td {\n            padding: 10px 12px;\n            text-align: left;\n            vertical-align: top;\n        }\n        td:first-child {\n            width: 35%;\n            font-weight: bold;\n        }\n    \n\n\n    <table>\n        <tr>\n            <td>Besondere Merkmale\n            <td>3 Geschwindigkeitsmodi, APP-Steuerung, D\u00e4mpfungssystem, DGT-Zertifizierung, Klappbar, Maximale Belastbarkeit 120 kg, 2 Gummir\u00e4der, Aluminiumrahmen, Feststehender Lenker\n        \n        <tr>\n            <td>Farbe\n            <td>Schwarz, Wei\u00df\n        \n        <tr>\n            <td>Marke\n            <td>EVERCROSS\n        \n        <tr>\n            <td>Produktma\u00dfe\n            <td>Klappbares Design, Ausgefaltet: 112x58x96 cm, Geklappt: 46x22x68 cm\n        \n        <tr>\n            <td>Artikelgewicht\n            <td>15 Kilogramm, klappbar &amp; leicht zu transportieren\n        \n        <tr>\n            <td>Enthaltene Komponenten\n            <td>1 x EVERCROSS Ev85f E-Roller, 1 x Ladeger\u00e4t, 1 x Bedienungsanleitung, 1 x Montageset\n        \n        <tr>\n            <td>Hersteller\n            <td>EVERCROSS\n        \n        <tr>\n            <td>ASIN\n            <td>B0F9TR68XM\n        \n        <tr>\n            <td>Produktmodellnummer\n            <td>Ev85f\n        \n        <tr>\n            <td>Durchschnittliche Kundenbewertung\n            <td>4,6 \u2605\u2605\u2605\u2605\u2605 (396) 4,6 von 5 Sternen\n        \n        <tr>\n            <td>Platzierung in den Amazon Bestsellern\n            <td>Nr.6.892 in Sport &amp; Freizeit (Top 50 in E-Scooter) Nr.2 in Klappbare E-Scooter f\u00fcr Erwachsene\n        \n        <tr>\n            <td>Produkt seit auf amazon.com\n            <td>22. Juli 2025\n        \n    \n\n\t\t\t\t\t\t\t\t<\/div>\n\t\t\t\t<\/div>\n\t\t\t\t\t<\/div>\n\t\t\t\t<\/div>\n\t\t<div class=\"elementor-element elementor-element-316472cf e-flex e-con-boxed e-con e-parent\" data-id=\"316472cf\" data-element_type=\"container\" data-settings=\"{&quot;ekit_has_onepagescroll_dot&quot;:&quot;yes&quot;}\">\n\t\t\t\t\t<div class=\"e-con-inner\">\n\t\t\t\t<div class=\"elementor-element elementor-element-273c36f elementor-widget elementor-widget-image\" data-id=\"273c36f\" data-element_type=\"widget\" data-settings=\"{&quot;ekit_we_effect_on&quot;:&quot;none&quot;}\" data-widget_type=\"image.default\">\n\t\t\t\t<div class=\"elementor-widget-container\">\n\t\t\t\t\t\t\t\t\t\t\t\t\t\t\t<img loading=\"lazy\" decoding=\"async\" width=\"1464\" height=\"600\" src=\"https:\/\/uniquenames.shop\/wp-content\/uploads\/2026\/01\/S9b688f8c66af4b10b211f76e8ee3623fp-1.webp\" class=\"attachment-full size-full wp-image-14241 wvs-archive-product-image\" alt=\"\" srcset=\"https:\/\/uniquenames.shop\/wp-content\/uploads\/2026\/01\/S9b688f8c66af4b10b211f76e8ee3623fp-1.webp 1464w, https:\/\/uniquenames.shop\/wp-content\/uploads\/2026\/01\/S9b688f8c66af4b10b211f76e8ee3623fp-1-300x123.webp 300w, https:\/\/uniquenames.shop\/wp-content\/uploads\/2026\/01\/S9b688f8c66af4b10b211f76e8ee3623fp-1-1024x420.webp 1024w, https:\/\/uniquenames.shop\/wp-content\/uploads\/2026\/01\/S9b688f8c66af4b10b211f76e8ee3623fp-1-768x315.webp 768w, https:\/\/uniquenames.shop\/wp-content\/uploads\/2026\/01\/S9b688f8c66af4b10b211f76e8ee3623fp-1-18x7.webp 18w, https:\/\/uniquenames.shop\/wp-content\/uploads\/2026\/01\/S9b688f8c66af4b10b211f76e8ee3623fp-1-600x246.webp 600w, https:\/\/uniquenames.shop\/wp-content\/uploads\/2026\/01\/S9b688f8c66af4b10b211f76e8ee3623fp-1-1x1.webp 1w, https:\/\/uniquenames.shop\/wp-content\/uploads\/2026\/01\/S9b688f8c66af4b10b211f76e8ee3623fp-1-10x4.webp 10w\" sizes=\"auto, (max-width: 1464px) 100vw, 1464px\" \/>\t\t\t\t\t\t\t\t\t\t\t\t\t\t\t<\/div>\n\t\t\t\t<\/div>\n\t\t\t\t<div class=\"elementor-element elementor-element-61176df2 elementor-widget elementor-widget-image\" data-id=\"61176df2\" data-element_type=\"widget\" data-settings=\"{&quot;ekit_we_effect_on&quot;:&quot;none&quot;}\" data-widget_type=\"image.default\">\n\t\t\t\t<div class=\"elementor-widget-container\">\n\t\t\t\t\t\t\t\t\t\t\t\t\t\t\t<img loading=\"lazy\" decoding=\"async\" width=\"1464\" height=\"600\" src=\"https:\/\/uniquenames.shop\/wp-content\/uploads\/2026\/01\/S2308ab2bbcf84348a3dd9387fa629b348-1.webp\" class=\"attachment-full size-full wp-image-14242 wvs-archive-product-image\" alt=\"\" srcset=\"https:\/\/uniquenames.shop\/wp-content\/uploads\/2026\/01\/S2308ab2bbcf84348a3dd9387fa629b348-1.webp 1464w, https:\/\/uniquenames.shop\/wp-content\/uploads\/2026\/01\/S2308ab2bbcf84348a3dd9387fa629b348-1-300x123.webp 300w, https:\/\/uniquenames.shop\/wp-content\/uploads\/2026\/01\/S2308ab2bbcf84348a3dd9387fa629b348-1-1024x420.webp 1024w, https:\/\/uniquenames.shop\/wp-content\/uploads\/2026\/01\/S2308ab2bbcf84348a3dd9387fa629b348-1-768x315.webp 768w, https:\/\/uniquenames.shop\/wp-content\/uploads\/2026\/01\/S2308ab2bbcf84348a3dd9387fa629b348-1-18x7.webp 18w, https:\/\/uniquenames.shop\/wp-content\/uploads\/2026\/01\/S2308ab2bbcf84348a3dd9387fa629b348-1-600x246.webp 600w, https:\/\/uniquenames.shop\/wp-content\/uploads\/2026\/01\/S2308ab2bbcf84348a3dd9387fa629b348-1-1x1.webp 1w, https:\/\/uniquenames.shop\/wp-content\/uploads\/2026\/01\/S2308ab2bbcf84348a3dd9387fa629b348-1-10x4.webp 10w\" sizes=\"auto, (max-width: 1464px) 100vw, 1464px\" \/>\t\t\t\t\t\t\t\t\t\t\t\t\t\t\t<\/div>\n\t\t\t\t<\/div>\n\t\t\t\t<div class=\"elementor-element elementor-element-2551ffe3 elementor-widget elementor-widget-image\" data-id=\"2551ffe3\" data-element_type=\"widget\" data-settings=\"{&quot;ekit_we_effect_on&quot;:&quot;none&quot;}\" data-widget_type=\"image.default\">\n\t\t\t\t<div class=\"elementor-widget-container\">\n\t\t\t\t\t\t\t\t\t\t\t\t\t\t\t<img loading=\"lazy\" decoding=\"async\" width=\"1464\" height=\"600\" src=\"https:\/\/uniquenames.shop\/wp-content\/uploads\/2026\/01\/S2496b798614442c3a3f5214a223ae4cb0-1.webp\" class=\"attachment-full size-full wp-image-14243 wvs-archive-product-image\" alt=\"\" srcset=\"https:\/\/uniquenames.shop\/wp-content\/uploads\/2026\/01\/S2496b798614442c3a3f5214a223ae4cb0-1.webp 1464w, https:\/\/uniquenames.shop\/wp-content\/uploads\/2026\/01\/S2496b798614442c3a3f5214a223ae4cb0-1-300x123.webp 300w, https:\/\/uniquenames.shop\/wp-content\/uploads\/2026\/01\/S2496b798614442c3a3f5214a223ae4cb0-1-1024x420.webp 1024w, https:\/\/uniquenames.shop\/wp-content\/uploads\/2026\/01\/S2496b798614442c3a3f5214a223ae4cb0-1-768x315.webp 768w, https:\/\/uniquenames.shop\/wp-content\/uploads\/2026\/01\/S2496b798614442c3a3f5214a223ae4cb0-1-18x7.webp 18w, https:\/\/uniquenames.shop\/wp-content\/uploads\/2026\/01\/S2496b798614442c3a3f5214a223ae4cb0-1-600x246.webp 600w, https:\/\/uniquenames.shop\/wp-content\/uploads\/2026\/01\/S2496b798614442c3a3f5214a223ae4cb0-1-1x1.webp 1w, https:\/\/uniquenames.shop\/wp-content\/uploads\/2026\/01\/S2496b798614442c3a3f5214a223ae4cb0-1-10x4.webp 10w\" sizes=\"auto, (max-width: 1464px) 100vw, 1464px\" \/>\t\t\t\t\t\t\t\t\t\t\t\t\t\t\t<\/div>\n\t\t\t\t<\/div>\n\t\t\t\t<div class=\"elementor-element elementor-element-498aa771 elementor-widget elementor-widget-image\" data-id=\"498aa771\" data-element_type=\"widget\" data-settings=\"{&quot;ekit_we_effect_on&quot;:&quot;none&quot;}\" data-widget_type=\"image.default\">\n\t\t\t\t<div class=\"elementor-widget-container\">\n\t\t\t\t\t\t\t\t\t\t\t\t\t\t\t<img loading=\"lazy\" decoding=\"async\" width=\"1464\" height=\"600\" src=\"https:\/\/uniquenames.shop\/wp-content\/uploads\/2026\/01\/S6156abc56c6349349899947867b6f9afR-1.webp\" class=\"attachment-full size-full wp-image-14244 wvs-archive-product-image\" alt=\"\" srcset=\"https:\/\/uniquenames.shop\/wp-content\/uploads\/2026\/01\/S6156abc56c6349349899947867b6f9afR-1.webp 1464w, https:\/\/uniquenames.shop\/wp-content\/uploads\/2026\/01\/S6156abc56c6349349899947867b6f9afR-1-300x123.webp 300w, https:\/\/uniquenames.shop\/wp-content\/uploads\/2026\/01\/S6156abc56c6349349899947867b6f9afR-1-1024x420.webp 1024w, https:\/\/uniquenames.shop\/wp-content\/uploads\/2026\/01\/S6156abc56c6349349899947867b6f9afR-1-768x315.webp 768w, https:\/\/uniquenames.shop\/wp-content\/uploads\/2026\/01\/S6156abc56c6349349899947867b6f9afR-1-18x7.webp 18w, https:\/\/uniquenames.shop\/wp-content\/uploads\/2026\/01\/S6156abc56c6349349899947867b6f9afR-1-600x246.webp 600w, https:\/\/uniquenames.shop\/wp-content\/uploads\/2026\/01\/S6156abc56c6349349899947867b6f9afR-1-1x1.webp 1w, https:\/\/uniquenames.shop\/wp-content\/uploads\/2026\/01\/S6156abc56c6349349899947867b6f9afR-1-10x4.webp 10w\" sizes=\"auto, (max-width: 1464px) 100vw, 1464px\" \/>\t\t\t\t\t\t\t\t\t\t\t\t\t\t\t<\/div>\n\t\t\t\t<\/div>\n\t\t<div class=\"elementor-element elementor-element-7f7c2731 e-grid e-con-full e-con e-child\" data-id=\"7f7c2731\" data-element_type=\"container\" data-settings=\"{&quot;ekit_has_onepagescroll_dot&quot;:&quot;yes&quot;}\">\n\t\t\t\t<div class=\"elementor-element elementor-element-426cd73d elementor-position-top elementor-widget elementor-widget-image-box\" data-id=\"426cd73d\" data-element_type=\"widget\" data-settings=\"{&quot;ekit_we_effect_on&quot;:&quot;none&quot;}\" data-widget_type=\"image-box.default\">\n\t\t\t\t<div class=\"elementor-widget-container\">\n\t\t\t\t\t<div class=\"elementor-image-box-wrapper\"><figure class=\"elementor-image-box-img\"><img loading=\"lazy\" decoding=\"async\" width=\"300\" height=\"300\" src=\"https:\/\/uniquenames.shop\/wp-content\/uploads\/2026\/01\/f68cef1a-9091-44ed-8ba7-5be40913ef4c.__CR0016001600_PT0_SX300_V1___.jpg\" class=\"attachment-full size-full wp-image-14245 wvs-archive-product-image\" alt=\"\" srcset=\"https:\/\/uniquenames.shop\/wp-content\/uploads\/2026\/01\/f68cef1a-9091-44ed-8ba7-5be40913ef4c.__CR0016001600_PT0_SX300_V1___.jpg 300w, https:\/\/uniquenames.shop\/wp-content\/uploads\/2026\/01\/f68cef1a-9091-44ed-8ba7-5be40913ef4c.__CR0016001600_PT0_SX300_V1___-150x150.jpg 150w, https:\/\/uniquenames.shop\/wp-content\/uploads\/2026\/01\/f68cef1a-9091-44ed-8ba7-5be40913ef4c.__CR0016001600_PT0_SX300_V1___-12x12.jpg 12w, https:\/\/uniquenames.shop\/wp-content\/uploads\/2026\/01\/f68cef1a-9091-44ed-8ba7-5be40913ef4c.__CR0016001600_PT0_SX300_V1___-100x100.jpg 100w, https:\/\/uniquenames.shop\/wp-content\/uploads\/2026\/01\/f68cef1a-9091-44ed-8ba7-5be40913ef4c.__CR0016001600_PT0_SX300_V1___-50x50.jpg 50w, https:\/\/uniquenames.shop\/wp-content\/uploads\/2026\/01\/f68cef1a-9091-44ed-8ba7-5be40913ef4c.__CR0016001600_PT0_SX300_V1___-1x1.jpg 1w, https:\/\/uniquenames.shop\/wp-content\/uploads\/2026\/01\/f68cef1a-9091-44ed-8ba7-5be40913ef4c.__CR0016001600_PT0_SX300_V1___-10x10.jpg 10w\" sizes=\"auto, (max-width: 300px) 100vw, 300px\" \/><\/figure><div class=\"elementor-image-box-content\"><h4 class=\"elementor-image-box-title\">Langstrecken-Pendler-Roller<\/h4><p class=\"elementor-image-box-description\">Der Elektroroller Max Reichweite von 20-25 km unter optimalen Bedingungen, Geschwindigkeit bis zu 25 km\/h, vermeiden Sie die Bel\u00e4stigung durch den dichten Verkehr, keine Angst vor dem Kilometerstand, einmal eine einzige Ladung f\u00fcr ein paar Tage pendeln.ganz, geeignet Elektroroller f\u00fcr Erwachsene.<\/p><\/div><\/div>\t\t\t\t<\/div>\n\t\t\t\t<\/div>\n\t\t\t\t<div class=\"elementor-element elementor-element-182e60a6 elementor-position-top elementor-widget elementor-widget-image-box\" data-id=\"182e60a6\" data-element_type=\"widget\" data-settings=\"{&quot;ekit_we_effect_on&quot;:&quot;none&quot;}\" data-widget_type=\"image-box.default\">\n\t\t\t\t<div class=\"elementor-widget-container\">\n\t\t\t\t\t<div class=\"elementor-image-box-wrapper\"><figure class=\"elementor-image-box-img\"><img loading=\"lazy\" decoding=\"async\" width=\"300\" height=\"300\" src=\"https:\/\/uniquenames.shop\/wp-content\/uploads\/2026\/01\/c8064f86-15af-4b39-8bb2-eceba5f810a8.__CR0016001600_PT0_SX300_V1___.jpg\" class=\"attachment-full size-full wp-image-14246 wvs-archive-product-image\" alt=\"\" srcset=\"https:\/\/uniquenames.shop\/wp-content\/uploads\/2026\/01\/c8064f86-15af-4b39-8bb2-eceba5f810a8.__CR0016001600_PT0_SX300_V1___.jpg 300w, https:\/\/uniquenames.shop\/wp-content\/uploads\/2026\/01\/c8064f86-15af-4b39-8bb2-eceba5f810a8.__CR0016001600_PT0_SX300_V1___-150x150.jpg 150w, https:\/\/uniquenames.shop\/wp-content\/uploads\/2026\/01\/c8064f86-15af-4b39-8bb2-eceba5f810a8.__CR0016001600_PT0_SX300_V1___-12x12.jpg 12w, https:\/\/uniquenames.shop\/wp-content\/uploads\/2026\/01\/c8064f86-15af-4b39-8bb2-eceba5f810a8.__CR0016001600_PT0_SX300_V1___-100x100.jpg 100w, https:\/\/uniquenames.shop\/wp-content\/uploads\/2026\/01\/c8064f86-15af-4b39-8bb2-eceba5f810a8.__CR0016001600_PT0_SX300_V1___-50x50.jpg 50w, https:\/\/uniquenames.shop\/wp-content\/uploads\/2026\/01\/c8064f86-15af-4b39-8bb2-eceba5f810a8.__CR0016001600_PT0_SX300_V1___-1x1.jpg 1w, https:\/\/uniquenames.shop\/wp-content\/uploads\/2026\/01\/c8064f86-15af-4b39-8bb2-eceba5f810a8.__CR0016001600_PT0_SX300_V1___-10x10.jpg 10w\" sizes=\"auto, (max-width: 300px) 100vw, 300px\" \/><\/figure><div class=\"elementor-image-box-content\"><h4 class=\"elementor-image-box-title\">Leistungsstarker Motor<\/h4><p class=\"elementor-image-box-description\">Der Elektroscooter 350W Brushless Motor 36V 7.5Ah Batterie mit hoher Energiedichte, klettert 15\u00b0 bergauf und belastet max 120 kg, ideal f\u00fcr leichte Reisen, Pendeln, Verabredungen, auf dem Weg zur Schule oder Bibliothek.<\/p><\/div><\/div>\t\t\t\t<\/div>\n\t\t\t\t<\/div>\n\t\t\t\t<div class=\"elementor-element elementor-element-3cd9810c elementor-position-top elementor-widget elementor-widget-image-box\" data-id=\"3cd9810c\" data-element_type=\"widget\" data-settings=\"{&quot;ekit_we_effect_on&quot;:&quot;none&quot;}\" data-widget_type=\"image-box.default\">\n\t\t\t\t<div class=\"elementor-widget-container\">\n\t\t\t\t\t<div class=\"elementor-image-box-wrapper\"><figure class=\"elementor-image-box-img\"><img loading=\"lazy\" decoding=\"async\" width=\"300\" height=\"300\" src=\"https:\/\/uniquenames.shop\/wp-content\/uploads\/2026\/01\/8e49a19c-3e31-48ea-ae22-08ca393cf99f.__CR0016001600_PT0_SX300_V1___.jpg\" class=\"attachment-full size-full wp-image-14247 wvs-archive-product-image\" alt=\"\" srcset=\"https:\/\/uniquenames.shop\/wp-content\/uploads\/2026\/01\/8e49a19c-3e31-48ea-ae22-08ca393cf99f.__CR0016001600_PT0_SX300_V1___.jpg 300w, https:\/\/uniquenames.shop\/wp-content\/uploads\/2026\/01\/8e49a19c-3e31-48ea-ae22-08ca393cf99f.__CR0016001600_PT0_SX300_V1___-150x150.jpg 150w, https:\/\/uniquenames.shop\/wp-content\/uploads\/2026\/01\/8e49a19c-3e31-48ea-ae22-08ca393cf99f.__CR0016001600_PT0_SX300_V1___-12x12.jpg 12w, https:\/\/uniquenames.shop\/wp-content\/uploads\/2026\/01\/8e49a19c-3e31-48ea-ae22-08ca393cf99f.__CR0016001600_PT0_SX300_V1___-100x100.jpg 100w, https:\/\/uniquenames.shop\/wp-content\/uploads\/2026\/01\/8e49a19c-3e31-48ea-ae22-08ca393cf99f.__CR0016001600_PT0_SX300_V1___-50x50.jpg 50w, https:\/\/uniquenames.shop\/wp-content\/uploads\/2026\/01\/8e49a19c-3e31-48ea-ae22-08ca393cf99f.__CR0016001600_PT0_SX300_V1___-1x1.jpg 1w, https:\/\/uniquenames.shop\/wp-content\/uploads\/2026\/01\/8e49a19c-3e31-48ea-ae22-08ca393cf99f.__CR0016001600_PT0_SX300_V1___-10x10.jpg 10w\" sizes=\"auto, (max-width: 300px) 100vw, 300px\" \/><\/figure><div class=\"elementor-image-box-content\"><h4 class=\"elementor-image-box-title\">Duales Bremssystem<\/h4><p class=\"elementor-image-box-description\">Der e roller verf\u00fcgt \u00fcber eine Scheibenbremse und ein regeneratives Antiblockiersystem EBS. Es kann Ihre Sicherheit gew\u00e4hrleisten.\nDer e scooter hat eine eingebaute Klingel. Hat sowohl Kopf- als auch R\u00fccklichter, von denen letzteres schnell blinkt, wenn Sie auf die Bremse treten. Sicheres Fahren bei Nacht mit dem LED-Frontlicht und dem roten R\u00fccklicht.<\/p><\/div><\/div>\t\t\t\t<\/div>\n\t\t\t\t<\/div>\n\t\t\t\t<\/div>\n\t\t\t\t<div class=\"elementor-element elementor-element-44ded584 elementor-widget elementor-widget-image\" data-id=\"44ded584\" data-element_type=\"widget\" data-settings=\"{&quot;ekit_we_effect_on&quot;:&quot;none&quot;}\" data-widget_type=\"image.default\">\n\t\t\t\t<div class=\"elementor-widget-container\">\n\t\t\t\t\t\t\t\t\t\t\t\t\t\t\t<img loading=\"lazy\" decoding=\"async\" width=\"1464\" height=\"600\" src=\"https:\/\/uniquenames.shop\/wp-content\/uploads\/2026\/01\/Sc9809b64aaeb44b4affd846690286dab3-1.webp\" class=\"attachment-full size-full wp-image-14248 wvs-archive-product-image\" alt=\"\" srcset=\"https:\/\/uniquenames.shop\/wp-content\/uploads\/2026\/01\/Sc9809b64aaeb44b4affd846690286dab3-1.webp 1464w, https:\/\/uniquenames.shop\/wp-content\/uploads\/2026\/01\/Sc9809b64aaeb44b4affd846690286dab3-1-300x123.webp 300w, https:\/\/uniquenames.shop\/wp-content\/uploads\/2026\/01\/Sc9809b64aaeb44b4affd846690286dab3-1-1024x420.webp 1024w, https:\/\/uniquenames.shop\/wp-content\/uploads\/2026\/01\/Sc9809b64aaeb44b4affd846690286dab3-1-768x315.webp 768w, https:\/\/uniquenames.shop\/wp-content\/uploads\/2026\/01\/Sc9809b64aaeb44b4affd846690286dab3-1-18x7.webp 18w, https:\/\/uniquenames.shop\/wp-content\/uploads\/2026\/01\/Sc9809b64aaeb44b4affd846690286dab3-1-600x246.webp 600w, https:\/\/uniquenames.shop\/wp-content\/uploads\/2026\/01\/Sc9809b64aaeb44b4affd846690286dab3-1-1x1.webp 1w, https:\/\/uniquenames.shop\/wp-content\/uploads\/2026\/01\/Sc9809b64aaeb44b4affd846690286dab3-1-10x4.webp 10w\" sizes=\"auto, (max-width: 1464px) 100vw, 1464px\" \/>\t\t\t\t\t\t\t\t\t\t\t\t\t\t\t<\/div>\n\t\t\t\t<\/div>\n\t\t\t\t<div class=\"elementor-element elementor-element-75811a32 elementor-widget elementor-widget-image\" data-id=\"75811a32\" data-element_type=\"widget\" data-settings=\"{&quot;ekit_we_effect_on&quot;:&quot;none&quot;}\" data-widget_type=\"image.default\">\n\t\t\t\t<div class=\"elementor-widget-container\">\n\t\t\t\t\t\t\t\t\t\t\t\t\t\t\t<img loading=\"lazy\" decoding=\"async\" width=\"1464\" height=\"600\" src=\"https:\/\/uniquenames.shop\/wp-content\/uploads\/2026\/01\/Se1b8dc047cea46aa9ed4028cc4ab6053v-1.webp\" class=\"attachment-full size-full wp-image-14249 wvs-archive-product-image\" alt=\"\" srcset=\"https:\/\/uniquenames.shop\/wp-content\/uploads\/2026\/01\/Se1b8dc047cea46aa9ed4028cc4ab6053v-1.webp 1464w, https:\/\/uniquenames.shop\/wp-content\/uploads\/2026\/01\/Se1b8dc047cea46aa9ed4028cc4ab6053v-1-300x123.webp 300w, https:\/\/uniquenames.shop\/wp-content\/uploads\/2026\/01\/Se1b8dc047cea46aa9ed4028cc4ab6053v-1-1024x420.webp 1024w, https:\/\/uniquenames.shop\/wp-content\/uploads\/2026\/01\/Se1b8dc047cea46aa9ed4028cc4ab6053v-1-768x315.webp 768w, https:\/\/uniquenames.shop\/wp-content\/uploads\/2026\/01\/Se1b8dc047cea46aa9ed4028cc4ab6053v-1-18x7.webp 18w, https:\/\/uniquenames.shop\/wp-content\/uploads\/2026\/01\/Se1b8dc047cea46aa9ed4028cc4ab6053v-1-600x246.webp 600w, https:\/\/uniquenames.shop\/wp-content\/uploads\/2026\/01\/Se1b8dc047cea46aa9ed4028cc4ab6053v-1-1x1.webp 1w, https:\/\/uniquenames.shop\/wp-content\/uploads\/2026\/01\/Se1b8dc047cea46aa9ed4028cc4ab6053v-1-10x4.webp 10w\" sizes=\"auto, (max-width: 1464px) 100vw, 1464px\" \/>\t\t\t\t\t\t\t\t\t\t\t\t\t\t\t<\/div>\n\t\t\t\t<\/div>\n\t\t\t\t<div class=\"elementor-element elementor-element-16667cac elementor-widget elementor-widget-image\" data-id=\"16667cac\" data-element_type=\"widget\" data-settings=\"{&quot;ekit_we_effect_on&quot;:&quot;none&quot;}\" data-widget_type=\"image.default\">\n\t\t\t\t<div class=\"elementor-widget-container\">\n\t\t\t\t\t\t\t\t\t\t\t\t\t\t\t<img loading=\"lazy\" decoding=\"async\" width=\"1464\" height=\"600\" src=\"https:\/\/uniquenames.shop\/wp-content\/uploads\/2026\/01\/Sfcbd2fa679674d9887fdaf637d059a82s-1.webp\" class=\"attachment-full size-full wp-image-14250 wvs-archive-product-image\" alt=\"\" srcset=\"https:\/\/uniquenames.shop\/wp-content\/uploads\/2026\/01\/Sfcbd2fa679674d9887fdaf637d059a82s-1.webp 1464w, https:\/\/uniquenames.shop\/wp-content\/uploads\/2026\/01\/Sfcbd2fa679674d9887fdaf637d059a82s-1-300x123.webp 300w, https:\/\/uniquenames.shop\/wp-content\/uploads\/2026\/01\/Sfcbd2fa679674d9887fdaf637d059a82s-1-1024x420.webp 1024w, https:\/\/uniquenames.shop\/wp-content\/uploads\/2026\/01\/Sfcbd2fa679674d9887fdaf637d059a82s-1-768x315.webp 768w, https:\/\/uniquenames.shop\/wp-content\/uploads\/2026\/01\/Sfcbd2fa679674d9887fdaf637d059a82s-1-18x7.webp 18w, https:\/\/uniquenames.shop\/wp-content\/uploads\/2026\/01\/Sfcbd2fa679674d9887fdaf637d059a82s-1-600x246.webp 600w, https:\/\/uniquenames.shop\/wp-content\/uploads\/2026\/01\/Sfcbd2fa679674d9887fdaf637d059a82s-1-1x1.webp 1w, https:\/\/uniquenames.shop\/wp-content\/uploads\/2026\/01\/Sfcbd2fa679674d9887fdaf637d059a82s-1-10x4.webp 10w\" sizes=\"auto, (max-width: 1464px) 100vw, 1464px\" \/>\t\t\t\t\t\t\t\t\t\t\t\t\t\t\t<\/div>\n\t\t\t\t<\/div>\n\t\t\t\t\t<\/div>\n\t\t\t\t<\/div>\n\t\t<div class=\"elementor-element elementor-element-4e652732 e-flex e-con-boxed e-con e-parent\" data-id=\"4e652732\" data-element_type=\"container\" data-settings=\"{&quot;ekit_has_onepagescroll_dot&quot;:&quot;yes&quot;}\">\n\t\t\t\t\t<div class=\"e-con-inner\">\n\t\t\t\t<div class=\"elementor-element elementor-element-772f2d70 elementor-widget elementor-widget-text-editor\" data-id=\"772f2d70\" data-element_type=\"widget\" data-settings=\"{&quot;ekit_we_effect_on&quot;:&quot;none&quot;}\" data-widget_type=\"text-editor.default\">\n\t\t\t\t<div class=\"elementor-widget-container\">\n\t\t\t\t\t\t\t\t\t<!DOCTYPE html>\n<html lang=\"de\">\n<head>\n    <meta charset=\"UTF-8\">\n    <title>Produktinformationen<\/title>\n    <style>\n        table {\n            width: 100%;\n            border-collapse: collapse;\n        }\n        tr {\n            border-bottom: 1px solid #ddd;\n        }\n        td {\n            padding: 10px 12px;\n            text-align: left;\n            vertical-align: top;\n        }\n        td:first-child {\n            width: 35%;\n            font-weight: bold;\n        }\n    <\/style>\n<\/head>\n<body>\n    <table>\n        <tr>\n            <td>Besondere Merkmale<\/td>\n            <td>3 Geschwindigkeitsmodi, APP-Steuerung, D\u00e4mpfungssystem, DGT-Zertifizierung, Klappbar, Maximale Belastbarkeit 120 kg, 2 Gummir\u00e4der, Aluminiumrahmen, Feststehender Lenker<\/td>\n        <\/tr>\n        <tr>\n            <td>Farbe<\/td>\n            <td>Schwarz, Wei\u00df<\/td>\n        <\/tr>\n        <tr>\n            <td>Marke<\/td>\n            <td>EVERCROSS<\/td>\n        <\/tr>\n        <tr>\n            <td>Produktma\u00dfe<\/td>\n            <td>Klappbares Design, Ausgefaltet: 112x58x96 cm, Geklappt: 46x22x68 cm<\/td>\n        <\/tr>\n        <tr>\n            <td>Artikelgewicht<\/td>\n            <td>15 Kilogramm, klappbar &amp; leicht zu transportieren<\/td>\n        <\/tr>\n        <tr>\n            <td>Enthaltene Komponenten<\/td>\n            <td>1 x EVERCROSS Ev85f E-Roller, 1 x Ladeger\u00e4t, 1 x Bedienungsanleitung, 1 x Montageset<\/td>\n        <\/tr>\n        <tr>\n            <td>Hersteller<\/td>\n            <td>EVERCROSS<\/td>\n        <\/tr>\n        <tr>\n            <td>ASIN<\/td>\n            <td>B0F9TR68XM<\/td>\n        <\/tr>\n        <tr>\n            <td>Produktmodellnummer<\/td>\n            <td>Ev85f<\/td>\n        <\/tr>\n        <tr>\n            <td>Durchschnittliche Kundenbewertung<\/td>\n            <td>4,6 \u2605\u2605\u2605\u2605\u2605 (396) 4,6 von 5 Sternen<\/td>\n        <\/tr>\n        <tr>\n            <td>Platzierung in den Amazon Bestsellern<\/td>\n            <td>Nr.6.892 in Sport &amp; Freizeit (Top 50 in E-Scooter) Nr.2 in Klappbare E-Scooter f\u00fcr Erwachsene<\/td>\n        <\/tr>\n        <tr>\n            <td>Produkt seit auf amazon.com<\/td>\n            <td>22. Juli 2025<\/td>\n        <\/tr>\n    <\/table>\n<\/body>\n<\/html>\t\t\t\t\t\t\t\t<\/div>\n\t\t\t\t<\/div>\n\t\t\t\t\t<\/div>\n\t\t\t\t<\/div>\n\t\t\t\t<\/div>","protected":false},"excerpt":{"rendered":"<p>Produktinformationen table { width: 100%; border-collapse: collapse; } tr { border-bottom: 1px solid #ddd; } td { padding: 10px 12px;&#8230;<\/p>","protected":false},"featured_media":14100,"comment_status":"open","ping_status":"closed","template":"","meta":{"_acf_changed":false},"etheme_brands":[],"product_brand":[],"product_cat":[127,118],"product_tag":[],"class_list":{"0":"post-14072","1":"product","2":"type-product","3":"status-publish","4":"has-post-thumbnail","6":"product_cat-dao","7":"product_cat-sale-shop","9":"first","10":"instock","11":"sale","12":"shipping-taxable","13":"purchasable","14":"product-type-simple"},"acf":[],"_links":{"self":[{"href":"https:\/\/uniquenames.shop\/de\/wp-json\/wp\/v2\/product\/14072","targetHints":{"allow":["GET"]}}],"collection":[{"href":"https:\/\/uniquenames.shop\/de\/wp-json\/wp\/v2\/product"}],"about":[{"href":"https:\/\/uniquenames.shop\/de\/wp-json\/wp\/v2\/types\/product"}],"replies":[{"embeddable":true,"href":"https:\/\/uniquenames.shop\/de\/wp-json\/wp\/v2\/comments?post=14072"}],"version-history":[{"count":4,"href":"https:\/\/uniquenames.shop\/de\/wp-json\/wp\/v2\/product\/14072\/revisions"}],"predecessor-version":[{"id":14256,"href":"https:\/\/uniquenames.shop\/de\/wp-json\/wp\/v2\/product\/14072\/revisions\/14256"}],"wp:featuredmedia":[{"embeddable":true,"href":"https:\/\/uniquenames.shop\/de\/wp-json\/wp\/v2\/media\/14100"}],"wp:attachment":[{"href":"https:\/\/uniquenames.shop\/de\/wp-json\/wp\/v2\/media?parent=14072"}],"wp:term":[{"taxonomy":"brand","embeddable":true,"href":"https:\/\/uniquenames.shop\/de\/wp-json\/wp\/v2\/etheme_brands?post=14072"},{"taxonomy":"product_brand","embeddable":true,"href":"https:\/\/uniquenames.shop\/de\/wp-json\/wp\/v2\/product_brand?post=14072"},{"taxonomy":"product_cat","embeddable":true,"href":"https:\/\/uniquenames.shop\/de\/wp-json\/wp\/v2\/product_cat?post=14072"},{"taxonomy":"product_tag","embeddable":true,"href":"https:\/\/uniquenames.shop\/de\/wp-json\/wp\/v2\/product_tag?post=14072"}],"curies":[{"name":"wp","href":"https:\/\/api.w.org\/{rel}","templated":true}]}}